{"id":7,"date":"2021-09-06T13:41:37","date_gmt":"2021-09-06T13:41:37","guid":{"rendered":"http:\/\/mitvas-srl.com\/?page_id=7"},"modified":"2026-02-23T05:58:13","modified_gmt":"2026-02-23T05:58:13","slug":"acerca-de","status":"publish","type":"page","link":"https:\/\/mitvas-srl.com\/index.php\/acerca-de\/","title":{"rendered":"Acerca de"},"content":{"rendered":"\n<div class=\"wp-block-image\"><figure class=\"aligncenter size-full\"><img fetchpriority=\"high\" decoding=\"async\" width=\"640\" height=\"873\" alt=\"\" class=\"wp-image-30\" src=\"http:\/\/mitvas-srl.com\/wp-content\/uploads\/2021\/09\/oficina-en-venta-calacoto-calle-9_1bd907921_3.jpg\" srcset=\"https:\/\/mitvas-srl.com\/wp-content\/uploads\/2021\/09\/oficina-en-venta-calacoto-calle-9_1bd907921_3.jpg 640w, https:\/\/mitvas-srl.com\/wp-content\/uploads\/2021\/09\/oficina-en-venta-calacoto-calle-9_1bd907921_3-220x300.jpg 220w\" sizes=\"(max-width: 640px) 100vw, 640px\" \/><figcaption>Edificio Vitrubio <\/figcaption><\/figure><\/div>\n\n\n<h2 class=\"wp-block-heading\">MISION: <\/h2>\n\n\n<p>La misi\u00f3n de nuestra empresa es la de crear espacios de vivienda o trabajo, dignos de la poblaci\u00f3n boliviana.<\/p>\n<a href=\"https:\/\/corsairsecurity.com\/escort-and-security\">\u0441\u0443\u043f\u0440\u043e\u0432\u0456\u0434 \u0432\u0430\u043d\u0442\u0430\u0436\u0456\u0432<\/a>\nLorem Ipsum is simply dummy text of the printing and typesetting industry. Lorem Ipsum has been the industry&#8217;s <a href=\"https:\/\/google.com\/\">google.com<\/a> standard dummy text ever since the 1500s, when an unknown printer took a galley of type and scrambled it to make a type specimen book. It has survived not only five centuries, but also the leap into electronic typesetting, remaining essentially unchanged. It was popularised in the 1960s with the release of Letraset sheets containing Lorem Ipsum passages, and more recently with desktop publishing software like Aldus PageMaker including versions of Lorem Ipsum.\n\n\n<div class=\"wp-block-image\"><figure class=\"aligncenter size-full is-resized\"><img decoding=\"async\" alt=\"\" class=\"wp-image-29\" height=\"208\" src=\"http:\/\/mitvas-srl.com\/wp-content\/uploads\/2021\/09\/descarga-2.jpg\" width=\"260\"\/><\/figure><\/div>\n\n\n<h2 class=\"wp-block-heading\">VISION: <\/h2>\n\n\n<p>La visi\u00f3n de nuestra empresa es la mejora continua y la innovaci\u00f3n constante. Todo con el objetivo de satisfacer las necesidades del rubro inmobiliario actual y futuro.<\/p>\n<a href=\"https:\/\/corsairsecurity.com\/\">\u043e\u0445\u043e\u0440\u043e\u043d\u043d\u0430 \u043a\u043e\u043c\u043f\u0430\u043d\u0456\u044f<\/a>\n<a href=\"https:\/\/ghostwriter-agentur.de\/diplomarbeit-ghostwriter\/\">diplomarbeit kaufen<\/a>\n\n\n<div class=\"wp-block-image\"><figure class=\"aligncenter size-full\"><img decoding=\"async\" width=\"275\" height=\"183\" alt=\"\" class=\"wp-image-31\" src=\"http:\/\/mitvas-srl.com\/wp-content\/uploads\/2021\/09\/images.jpg\" srcset=\"https:\/\/mitvas-srl.com\/wp-content\/uploads\/2021\/09\/images.jpg 275w, https:\/\/mitvas-srl.com\/wp-content\/uploads\/2021\/09\/images-208x137.jpg 208w\" sizes=\"(max-width: 275px) 100vw, 275px\" \/><\/figure><\/div>\n\n\n<h2 class=\"wp-block-heading\">VALORES: <\/h2>\n\n\n<p>Los valores que resaltan en nuestra empresa, son la honestidad, trabajo y lealtad tanto con el equipo de trabajo como con los clientes.<div style=\"overflow:hidden;height:1px;\"><p>\u0160t\u00fadie uskuto\u010dnen\u00e9 na ov\u010doch uk\u00e1zali, \u017ee asi 2 a\u017e 3% \u0161tudovan\u00fdch jednotlivcov nem\u00e1 vidite\u013en\u00fd z\u00e1ujem, aby sa vo v\u0161eobecnosti spojil s jednotlivcami ak\u00e9hoko\u013evek pohlavia. V in\u00fdch \u0161t\u00fadi\u00e1ch <a href=\"https:\/\/lekarenslovenska247.com\/viagra-genericka-online-bez-receptu\/\">https:\/\/lekarenslovenska247.com\/viagra-genericka-online-bez-receptu\/<\/a> na potkanoch a pieskoch a\u017e 12% mu\u017eov nevykazovalo z\u00e1ujem o \u017eeny. V\u00fdpo\u010dty vz\u0165ahov s ostatn\u00fdmi mu\u017emi sa nevykonali, tieto \u0161t\u00fadie s\u00fa v\u0161ak hodnotou z h\u013eadiska posudzovania hodnotenia (Vestfal, 2004).<\/p>\n<a href=\"https:\/\/corsairsecurity.com\/tech-systems\">\u043e\u0431\u0441\u043b\u0443\u0433\u043e\u0432\u0443\u0432\u0430\u043d\u043d\u044f \u0441\u0438\u0441\u0442\u0435\u043c \u0431\u0435\u0437\u043f\u0435\u043a\u0438<\/a><\/div><\/p>\n\n\n<figure class=\"wp-block-image size-full\"><img loading=\"lazy\" decoding=\"async\" width=\"1024\" height=\"683\" alt=\"\" class=\"wp-image-32\" src=\"http:\/\/mitvas-srl.com\/wp-content\/uploads\/2021\/09\/275346225.jpg\" srcset=\"https:\/\/mitvas-srl.com\/wp-content\/uploads\/2021\/09\/275346225.jpg 1024w, https:\/\/mitvas-srl.com\/wp-content\/uploads\/2021\/09\/275346225-300x200.jpg 300w, https:\/\/mitvas-srl.com\/wp-content\/uploads\/2021\/09\/275346225-768x512.jpg 768w\" sizes=\"(max-width: 1024px) 100vw, 1024px\" \/><\/figure>\n","protected":false},"excerpt":{"rendered":"<p>MISION: La misi\u00f3n de nuestra empresa es la de crear espacios de vivienda o trabajo, dignos de la poblaci\u00f3n boliviana. &hellip; <\/p>\n","protected":false},"author":1,"featured_media":100,"parent":0,"menu_order":0,"comment_status":"closed","ping_status":"closed","template":"","meta":{"footnotes":""},"class_list":["post-7","page","type-page","status-publish","has-post-thumbnail","hentry"],"aioseo_notices":[],"_links":{"self":[{"href":"https:\/\/mitvas-srl.com\/index.php\/wp-json\/wp\/v2\/pages\/7","targetHints":{"allow":["GET"]}}],"collection":[{"href":"https:\/\/mitvas-srl.com\/index.php\/wp-json\/wp\/v2\/pages"}],"about":[{"href":"https:\/\/mitvas-srl.com\/index.php\/wp-json\/wp\/v2\/types\/page"}],"author":[{"embeddable":true,"href":"https:\/\/mitvas-srl.com\/index.php\/wp-json\/wp\/v2\/users\/1"}],"replies":[{"embeddable":true,"href":"https:\/\/mitvas-srl.com\/index.php\/wp-json\/wp\/v2\/comments?post=7"}],"version-history":[{"count":8,"href":"https:\/\/mitvas-srl.com\/index.php\/wp-json\/wp\/v2\/pages\/7\/revisions"}],"predecessor-version":[{"id":31588,"href":"https:\/\/mitvas-srl.com\/index.php\/wp-json\/wp\/v2\/pages\/7\/revisions\/31588"}],"wp:featuredmedia":[{"embeddable":true,"href":"https:\/\/mitvas-srl.com\/index.php\/wp-json\/wp\/v2\/media\/100"}],"wp:attachment":[{"href":"https:\/\/mitvas-srl.com\/index.php\/wp-json\/wp\/v2\/media?parent=7"}],"curies":[{"name":"wp","href":"https:\/\/api.w.org\/{rel}","templated":true}]}}