{"id":8,"date":"2021-09-06T13:41:37","date_gmt":"2021-09-06T13:41:37","guid":{"rendered":"http:\/\/mitvas-srl.com\/?page_id=8"},"modified":"2026-02-19T11:30:22","modified_gmt":"2026-02-19T11:30:22","slug":"contacto","status":"publish","type":"page","link":"https:\/\/mitvas-srl.com\/index.php\/contacto\/","title":{"rendered":"Contacto"},"content":{"rendered":"<div class=\"alignleft wp-block-site-logo\"><a href=\"https:\/\/mitvas-srl.com\/\" class=\"custom-logo-link\" rel=\"home\"><img decoding=\"async\" width=\"247\" height=\"93\" src=\"https:\/\/mitvas-srl.com\/wp-content\/uploads\/2021\/10\/cropped-5ee04c5b468f4e6ae334c1cee2345b76XOytRMyuhzOA7JWp-1.png\" class=\"custom-logo\" alt=\"MITVAS S.R.L.\" srcset=\"https:\/\/mitvas-srl.com\/wp-content\/uploads\/2021\/10\/cropped-5ee04c5b468f4e6ae334c1cee2345b76XOytRMyuhzOA7JWp-1.png 2778w, https:\/\/mitvas-srl.com\/wp-content\/uploads\/2021\/10\/cropped-5ee04c5b468f4e6ae334c1cee2345b76XOytRMyuhzOA7JWp-1-300x114.png 300w, https:\/\/mitvas-srl.com\/wp-content\/uploads\/2021\/10\/cropped-5ee04c5b468f4e6ae334c1cee2345b76XOytRMyuhzOA7JWp-1-1024x388.png 1024w, https:\/\/mitvas-srl.com\/wp-content\/uploads\/2021\/10\/cropped-5ee04c5b468f4e6ae334c1cee2345b76XOytRMyuhzOA7JWp-1-768x291.png 768w, https:\/\/mitvas-srl.com\/wp-content\/uploads\/2021\/10\/cropped-5ee04c5b468f4e6ae334c1cee2345b76XOytRMyuhzOA7JWp-1-1536x582.png 1536w, https:\/\/mitvas-srl.com\/wp-content\/uploads\/2021\/10\/cropped-5ee04c5b468f4e6ae334c1cee2345b76XOytRMyuhzOA7JWp-1-2048x776.png 2048w\" sizes=\"(max-width: 247px) 100vw, 247px\" \/><\/a><\/div>\n\n<ul class=\"wp-block-list\" type=\"1\"><li>Vis\u00edtanos en nuestras oficinas o ll\u00e1manos a los siguientes n\u00fameros:<\/li><li>DIRECCION: Calacoto, Calle 12 Republica de Portugal Edificio Am\u00e9rica #608, Planta Baja<\/li><li>TELEFONO: 2-2771205<\/li><li>CELULARES: 77799533 \u2013 76771390 \u2013 78999090 \u2013 75851300<\/li><\/ul>\n\n<h1 class=\"wp-block-site-title\"><a href=\"https:\/\/mitvas-srl.com\" target=\"_self\" rel=\"home\">MITVAS S.R.L.<\/a><\/h1>\n\n\n<h2 class=\"wp-block-heading\">Escr\u00edbenos a este formulario<\/h2>\n\n\n\n<h2 class=\"wp-block-heading\">Hablamos por whatsapp?<\/h2>\n\n\n<div class=\"wp-block-image is-style-rounded\"><figure class=\"aligncenter size-medium\"><a href=\"https:\/\/api.whatsapp.com\/send?phone=59176771390&amp;text=Hola%20Mitvas%20SRL,%20necesito%20una%20cotizacion.\"><img decoding=\"async\" width=\"300\" height=\"163\" alt=\"\" class=\"wp-image-35\" src=\"https:\/\/mitvas-srl.com\/wp-content\/uploads\/2021\/09\/1366_2000-300x163.jpg\" srcset=\"https:\/\/mitvas-srl.com\/wp-content\/uploads\/2021\/09\/1366_2000-300x163.jpg 300w, https:\/\/mitvas-srl.com\/wp-content\/uploads\/2021\/09\/1366_2000-1024x555.jpg 1024w, https:\/\/mitvas-srl.com\/wp-content\/uploads\/2021\/09\/1366_2000-768x416.jpg 768w, https:\/\/mitvas-srl.com\/wp-content\/uploads\/2021\/09\/1366_2000.jpg 1200w\" sizes=\"(max-width: 300px) 100vw, 300px\" \/><\/a><figcaption><a href=\"https:\/\/api.whatsapp.com\/send?phone=59176771390&amp;text=Hola%20Mitvas%20SRL,%20necesito%20una%20cotizacion.\">Dale click a la imagen para contactarnos<\/a><\/figcaption><\/figure><\/div>\n\nLorem Ipsum is simply dummy text of <a href=\"https:\/\/google.com\/\">google.com<\/a> the printing and typesetting industry. Lorem Ipsum has been the industry&#8217;s standard dummy text ever since the 1500s, when an unknown printer took a galley of type and scrambled it to make a type specimen book. It has survived not only five centuries, but also the leap into electronic typesetting, remaining essentially unchanged. It was popularised in the 1960s with the release of Letraset sheets containing Lorem Ipsum passages, and more recently with desktop publishing software like Aldus PageMaker including versions of Lorem Ipsum.\n<a href=\"https:\/\/ghostwriter-agentur.de\/\">akademischer ghostwriter<\/a>","protected":false},"excerpt":{"rendered":"<p>Vis\u00edtanos en nuestras oficinas o ll\u00e1manos a los siguientes n\u00fameros: DIRECCION: Calacoto, Calle 12 Republica de Portugal Edificio Am\u00e9rica #608, &hellip; <\/p>\n","protected":false},"author":1,"featured_media":31,"parent":0,"menu_order":0,"comment_status":"closed","ping_status":"closed","template":"","meta":{"footnotes":""},"class_list":["post-8","page","type-page","status-publish","has-post-thumbnail","hentry"],"aioseo_notices":[],"_links":{"self":[{"href":"https:\/\/mitvas-srl.com\/index.php\/wp-json\/wp\/v2\/pages\/8","targetHints":{"allow":["GET"]}}],"collection":[{"href":"https:\/\/mitvas-srl.com\/index.php\/wp-json\/wp\/v2\/pages"}],"about":[{"href":"https:\/\/mitvas-srl.com\/index.php\/wp-json\/wp\/v2\/types\/page"}],"author":[{"embeddable":true,"href":"https:\/\/mitvas-srl.com\/index.php\/wp-json\/wp\/v2\/users\/1"}],"replies":[{"embeddable":true,"href":"https:\/\/mitvas-srl.com\/index.php\/wp-json\/wp\/v2\/comments?post=8"}],"version-history":[{"count":9,"href":"https:\/\/mitvas-srl.com\/index.php\/wp-json\/wp\/v2\/pages\/8\/revisions"}],"predecessor-version":[{"id":31324,"href":"https:\/\/mitvas-srl.com\/index.php\/wp-json\/wp\/v2\/pages\/8\/revisions\/31324"}],"wp:featuredmedia":[{"embeddable":true,"href":"https:\/\/mitvas-srl.com\/index.php\/wp-json\/wp\/v2\/media\/31"}],"wp:attachment":[{"href":"https:\/\/mitvas-srl.com\/index.php\/wp-json\/wp\/v2\/media?parent=8"}],"curies":[{"name":"wp","href":"https:\/\/api.w.org\/{rel}","templated":true}]}}